{"id":17548,"date":"2021-12-26T21:35:51","date_gmt":"2021-12-26T18:35:51","guid":{"rendered":"https:\/\/www.habereko.com\/?page_id=12477"},"modified":"2022-07-28T18:54:47","modified_gmt":"2022-07-28T15:54:47","slug":"iletisim","status":"publish","type":"page","link":"https:\/\/adanaseshaber.com.tr\/?page_id=17548","title":{"rendered":"\u0130leti\u015fim"},"content":{"rendered":"<h2>Adana Ses Haber Medya Yay. ve Tic. Ltd. \u015eti.<\/h2>\n<address class=\"mt5\">\u0130stiklal Mahallesi<\/address>\n<ul class=\"no row c-op mt10 mb20-ms\">\n<li class=\"d\"><i class=\"ss-pika ss-mail\"><\/i><a href=\"mailto:info@adanaseshaber.com\">info@adanaseshaber.com<\/a><\/li>\n<\/ul>\n<p><strong>\u0130\u00e7erik Kald\u0131rma Talepleriniz \u0130\u00e7in Bize A\u015fa\u011f\u0131daki Mail \u00dczerinden Ula\u015fabilirsiniz<\/strong><\/p>\n<ul>\n<li class=\"a\"><i class=\"ss-pika ss-phone\"><\/i><a href=\"mailto:seshaber01@gmail.com\">seshaber01@gmail.com<\/a><\/li>\n<\/ul>\n<p><span style=\"color: #ff0000;\">En Uzun 48 Saat i\u00e7erisinde geri d\u00f6n\u00fc\u015f sa\u011flanacakt\u0131r.<\/span><\/p>\n","protected":false},"excerpt":{"rendered":"<p>Adana Ses Haber Medya Yay. ve Tic. Ltd. \u015eti. \u0130stiklal Mahallesi info@adanaseshaber.com \u0130\u00e7erik Kald\u0131rma Talepleriniz \u0130\u00e7in Bize A\u015fa\u011f\u0131daki Mail \u00dczerinden Ula\u015fabilirsiniz seshaber01@gmail.com En Uzun 48 Saat i\u00e7erisinde geri d\u00f6n\u00fc\u015f sa\u011flanacakt\u0131r.<\/p>\n","protected":false},"author":1,"featured_media":0,"parent":0,"menu_order":0,"comment_status":"closed","ping_status":"closed","template":"","meta":{"footnotes":""},"class_list":["post-17548","page","type-page","status-publish","has-post-thumbnail","hentry"],"amp_enabled":true,"_links":{"self":[{"href":"https:\/\/adanaseshaber.com.tr\/index.php?rest_route=\/wp\/v2\/pages\/17548","targetHints":{"allow":["GET"]}}],"collection":[{"href":"https:\/\/adanaseshaber.com.tr\/index.php?rest_route=\/wp\/v2\/pages"}],"about":[{"href":"https:\/\/adanaseshaber.com.tr\/index.php?rest_route=\/wp\/v2\/types\/page"}],"author":[{"embeddable":true,"href":"https:\/\/adanaseshaber.com.tr\/index.php?rest_route=\/wp\/v2\/users\/1"}],"replies":[{"embeddable":true,"href":"https:\/\/adanaseshaber.com.tr\/index.php?rest_route=%2Fwp%2Fv2%2Fcomments&post=17548"}],"version-history":[{"count":3,"href":"https:\/\/adanaseshaber.com.tr\/index.php?rest_route=\/wp\/v2\/pages\/17548\/revisions"}],"predecessor-version":[{"id":30041,"href":"https:\/\/adanaseshaber.com.tr\/index.php?rest_route=\/wp\/v2\/pages\/17548\/revisions\/30041"}],"wp:attachment":[{"href":"https:\/\/adanaseshaber.com.tr\/index.php?rest_route=%2Fwp%2Fv2%2Fmedia&parent=17548"}],"curies":[{"name":"wp","href":"https:\/\/api.w.org\/{rel}","templated":true}]}}