{"id":17552,"date":"2021-12-26T22:12:03","date_gmt":"2021-12-26T19:12:03","guid":{"rendered":"https:\/\/www.habereko.com\/?page_id=12501"},"modified":"2022-07-23T13:52:41","modified_gmt":"2022-07-23T10:52:41","slug":"hakkimizda","status":"publish","type":"page","link":"https:\/\/adanaseshaber.com.tr\/?page_id=17552","title":{"rendered":"Hakk\u0131m\u0131zda"},"content":{"rendered":"<p><strong>Adanaseshaber.com<\/strong>, ilkeli yay\u0131nc\u0131l\u0131k anlay\u0131\u015f\u0131ndan \u00f6d\u00fcn vermeden girdi\u011fi bu yolda Adana\u2019dan t\u00fcm T\u00fcrkiye&#8217;ye hitap eden objektif bir <strong>haber<\/strong> yay\u0131n organ\u0131 olmay\u0131 kendisine hedef se\u00e7mi\u015ftir. Adana ve T\u00fcrkiye\u2019nin ekonomik, siyasi ve k\u00fclt\u00fcrel nabz\u0131n\u0131 tutan yeni nesil sitemiz i\u00e7in haberin \u2018objektif\u2019 ve \u2018tarafs\u0131z\u2019 olmas\u0131 en az \u2018haber\u2019 olmas\u0131 kadar \u00f6nem ta\u015f\u0131maktad\u0131r.<\/p>\n<p><strong>Misyonumuz<\/strong><\/p>\n<p>Bas\u0131n ve meslek ilkelerinden asla \u015fa\u015fmadan haber yaparken, bunu en h\u0131zl\u0131 \u015fekilde okuyucular\u0131m\u0131za sunmak temel misyonumuz olacakt\u0131r.<\/p>\n<p>Bir haberde iki taraf\u0131n oldu\u011fu durumlarda <strong>adanaseshaber.com<\/strong>\u00a0her zaman objektif bir bi\u00e7imde olay\u0131 yorum katmadan okuyucular\u0131na aktarmay\u0131 ama\u00e7lar.<\/p>\n<p>Sadece ilgi toplamak amac\u0131yla yalan, yanl\u0131\u015f ya da do\u011frulu\u011fu teyit edilmemi\u015f s\u00f6ylemlere yer vermeden sade ve net bilgi bar\u0131nd\u0131ran haber metinlerini okuyucu ile bulu\u015fturmak bizim i\u00e7in ilkeli habercili\u011fin en \u00f6nemli kurallar\u0131ndand\u0131r.<\/p>\n<p>G\u00fcndemi yak\u0131ndan izlemek ve insanlar\u0131n duygu yo\u011funlu\u011funun fark\u0131nda olmak, habercili\u011fin bir sosyal sorumluluk oldu\u011fu anlay\u0131\u015f\u0131n\u0131 benimsemek demektir.<\/p>\n<p><strong>Vizyonumuz<\/strong><\/p>\n<p>G\u00fcndem ile ilgili olaylarda haber al\u0131nabilecek en g\u00fcvenilir ve tarafs\u0131z bilinen kaynak olmak.<\/p>\n<p>Bir haberle alakal\u0131; \u2018<strong>adanaseshaber.com<\/strong>\u00a0yazd\u0131ysa do\u011frudur\u2019 duygusunu t\u00fcm insanlara benimsetmek.<\/p>\n<p>Ve son olarak vazifesini hakk\u0131 ile yerine getirmi\u015f olman\u0131n verdi\u011fi manevi huzuru t\u00fcm \u00e7al\u0131\u015fma arkada\u015flar\u0131yla payla\u015fmak ortak vizyonumuzdur.<\/p>\n<p><strong>Hedeflerimiz<\/strong><\/p>\n<p>En ba\u015fta \u0130stanbul\u2019un, ard\u0131ndan T\u00fcrkiye\u2019nin ve t\u00fcm d\u00fcnyan\u0131n en g\u00fcvenilir haber sitesi haline gelmek.<\/p>\n<p>Sayfam\u0131z\u0131n tamam\u0131nda %100 oran\u0131nda \u2018do\u011fru\u2019 ve \u2018tarafs\u0131z\u2019 haberler bulundurmak.<\/p>\n<p>S\u00fcrekli bir \u015fekilde al\u0131nt\u0131 yap\u0131lan ve kaynak g\u00f6sterilen haber organ\u0131 olarak mesleki anlamda bas\u0131n sekt\u00f6r\u00fcn\u00fcn lideri haline gelmek.<\/p>\n","protected":false},"excerpt":{"rendered":"<p>Adanaseshaber.com, ilkeli yay\u0131nc\u0131l\u0131k anlay\u0131\u015f\u0131ndan \u00f6d\u00fcn vermeden girdi\u011fi bu yolda Adana\u2019dan t\u00fcm T\u00fcrkiye&#8217;ye hitap eden objektif bir haber yay\u0131n organ\u0131 olmay\u0131 kendisine hedef se\u00e7mi\u015ftir. Adana ve T\u00fcrkiye\u2019nin ekonomik, siyasi ve k\u00fclt\u00fcrel nabz\u0131n\u0131 tutan yeni nesil sitemiz i\u00e7in haberin \u2018objektif\u2019 ve \u2018tarafs\u0131z\u2019 olmas\u0131 en az \u2018haber\u2019 olmas\u0131 kadar \u00f6nem ta\u015f\u0131maktad\u0131r. Misyonumuz Bas\u0131n ve meslek ilkelerinden asla \u015fa\u015fmadan &hellip;<\/p>\n","protected":false},"author":1,"featured_media":0,"parent":0,"menu_order":0,"comment_status":"closed","ping_status":"closed","template":"","meta":{"footnotes":""},"class_list":["post-17552","page","type-page","status-publish","has-post-thumbnail","hentry"],"amp_enabled":true,"_links":{"self":[{"href":"https:\/\/adanaseshaber.com.tr\/index.php?rest_route=\/wp\/v2\/pages\/17552","targetHints":{"allow":["GET"]}}],"collection":[{"href":"https:\/\/adanaseshaber.com.tr\/index.php?rest_route=\/wp\/v2\/pages"}],"about":[{"href":"https:\/\/adanaseshaber.com.tr\/index.php?rest_route=\/wp\/v2\/types\/page"}],"author":[{"embeddable":true,"href":"https:\/\/adanaseshaber.com.tr\/index.php?rest_route=\/wp\/v2\/users\/1"}],"replies":[{"embeddable":true,"href":"https:\/\/adanaseshaber.com.tr\/index.php?rest_route=%2Fwp%2Fv2%2Fcomments&post=17552"}],"version-history":[{"count":2,"href":"https:\/\/adanaseshaber.com.tr\/index.php?rest_route=\/wp\/v2\/pages\/17552\/revisions"}],"predecessor-version":[{"id":28446,"href":"https:\/\/adanaseshaber.com.tr\/index.php?rest_route=\/wp\/v2\/pages\/17552\/revisions\/28446"}],"wp:attachment":[{"href":"https:\/\/adanaseshaber.com.tr\/index.php?rest_route=%2Fwp%2Fv2%2Fmedia&parent=17552"}],"curies":[{"name":"wp","href":"https:\/\/api.w.org\/{rel}","templated":true}]}}