{"id":28437,"date":"2022-07-23T13:35:42","date_gmt":"2022-07-23T10:35:42","guid":{"rendered":"https:\/\/www.adanaseshaber.com\/?page_id=28437"},"modified":"2022-07-23T13:36:12","modified_gmt":"2022-07-23T10:36:12","slug":"yayin-ilkeleri","status":"publish","type":"page","link":"https:\/\/adanaseshaber.com.tr\/?page_id=28437","title":{"rendered":"Yay\u0131n \u0130lkeleri"},"content":{"rendered":"<p>Esasen bas\u0131n \u00f6zg\u00fcrl\u00fc\u011f\u00fcne ba\u011fl\u0131 olarak bizim hukukumuzda bas\u0131n kurulu\u015flar\u0131n\u0131n ve bas\u0131n mensuplar\u0131n\u0131n uymak zorunda olduklar\u0131 belirli bir \u201cilkeler metni\u201d bulunmamaktad\u0131r. Do\u011fal olarak bas\u0131n kurulu\u015flar\u0131 ve bas\u0131n mensuplar\u0131 a\u00e7\u0131s\u0131ndan genel hukuk kurallar\u0131n\u0131n \u00f6tesinde hukuken ba\u011flay\u0131c\u0131 nitelikte herhangi bir ilke veya kural bulunmamaktad\u0131r.<\/p>\n<p>Bu nedenle bas\u0131n mensuplar\u0131 \u00e7al\u0131\u015fmalar\u0131nda hukukun genel kurallar\u0131na uymakla y\u00fck\u00fcml\u00fcd\u00fcr. Ancak \u00fclkemizde faaliyet g\u00f6steren Bas\u0131n Konseyi\u2019nin benimseyip ilan etti\u011fi baz\u0131 temel ilkeler bulunmaktad\u0131r.<\/p>\n<p>Adana Ses Haber olarak bizim de kabul etti\u011fimiz temel ilkeler \u015funlard\u0131r:<\/p>\n<ul>\n<li>Yay\u0131nlarda hi\u00e7 kimse; \u0131rk\u0131, cinsiyeti, ya\u015f\u0131, sa\u011fl\u0131\u011f\u0131, bedensel \u00f6zr\u00fc, sosyal d\u00fczeyi ve dini inan\u00e7lar\u0131 nedeniyle k\u0131namamak, a\u015fa\u011f\u0131lamamak,<\/li>\n<li>D\u00fc\u015f\u00fcnce, vicdan ve ifade \u00f6zg\u00fcrl\u00fc\u011f\u00fcn\u00fc s\u0131n\u0131rlay\u0131c\u0131; genel ahlak anlay\u0131\u015f\u0131n\u0131, din duygular\u0131n\u0131, aile kurumunun temel dayanaklar\u0131n\u0131 sars\u0131c\u0131 yada incitici yay\u0131n yapmamak,<\/li>\n<li>Kamusal bir g\u00f6rev olan gazetecilik, ahlaka ayk\u0131r\u0131 \u00f6zel ama\u00e7 ve \u00e7\u0131karlara alet etmemek,<\/li>\n<li>Ki\u015fileri ve kurulu\u015flar\u0131, ele\u015ftiri s\u0131n\u0131rlar\u0131n\u0131n \u00f6tesinde k\u00fc\u00e7\u00fck d\u00fc\u015f\u00fcren, a\u015fa\u011f\u0131layan veya iftira niteli\u011fi ta\u015f\u0131yan ifadelere yer vermemek,<\/li>\n<li>Ki\u015filerin \u00f6zel ya\u015fam\u0131, kamu \u00e7\u0131karlar\u0131n\u0131n gerektirdi\u011fi durumlar d\u0131\u015f\u0131nda, yay\u0131n konusu yapmamak,<\/li>\n<li>Soru\u015fturulmas\u0131 gazetecilik olanaklar\u0131 i\u00e7inde bulunan haberler, soru\u015fturulmaks\u0131z\u0131n veya do\u011frulu\u011funa emin olmaks\u0131z\u0131n yay\u0131nlamamak,<\/li>\n<li>Sakl\u0131 kalmas\u0131 kayd\u0131yla verilen bilgiler, kamu yarar\u0131 ciddi bir bi\u00e7imde gerektirmedik\u00e7e yay\u0131nlamamak,<\/li>\n<li>Bir bas\u0131n organ\u0131n\u0131n da\u011f\u0131t\u0131m s\u00fcreci tamamlanmadan o bas\u0131n organ\u0131n\u0131n \u00f6zel \u00e7abalarla ger\u00e7ekle\u015ftirdi\u011fi \u00fcr\u00fcn, bir ba\u015fka bas\u0131n organ\u0131 taraf\u0131ndan kendi \u00fcr\u00fcn\u00fcym\u00fc\u015f gibi kamuoyuna sunmamak, ajanslardan al\u0131nan \u00f6zel \u00fcr\u00fcnlerin kayna\u011f\u0131n\u0131n belirtilmesine \u00f6zen g\u00f6stermek,<\/li>\n<li>Su\u00e7lu oldu\u011fu yarg\u0131 karar\u0131yla belirlenmedik\u00e7e hi\u00e7 kimse \u201csu\u00e7lu\u201d ilan etmemek,<\/li>\n<li>Yasalar\u0131n su\u00e7 sayd\u0131\u011f\u0131 eylemler, ger\u00e7ek oldu\u011funa inand\u0131r\u0131c\u0131 makul nedenler bulunmad\u0131k\u00e7a kimseye atfetmemek,<\/li>\n<li>Gazeteci, kaynaklar\u0131n\u0131n gizlili\u011fini korumal\u0131d\u0131r. Kayna\u011f\u0131n kamuoyunu ki\u015fisel, siyasal ekonomik vb. nedenlerle yan\u0131ltmay\u0131 ama\u00e7lad\u0131\u011f\u0131 haller bunun d\u0131\u015f\u0131ndad\u0131r.<\/li>\n<li>Gazeteci g\u00f6revini, ta\u015f\u0131d\u0131\u011f\u0131 s\u0131fat\u0131n sayg\u0131nl\u0131\u011f\u0131na g\u00f6lge d\u00fc\u015f\u00fcrebilecek y\u00f6ntem ve tutumlarla yapmaktan sak\u0131nmak,<\/li>\n<li>\u015eiddet ve zorbal\u0131\u011f\u0131 \u00f6zendirici, insani de\u011ferleri incitici yay\u0131n yapmaktan ka\u00e7\u0131nmak,<\/li>\n<li>\u0130lan ve reklam niteli\u011findeki yay\u0131nlar\u0131n bu niteliklerini, teredd\u00fcde yer b\u0131rakmayacak \u015fekilde belirtmek,<\/li>\n<li>Yay\u0131n tarihi i\u00e7in konan zaman kayd\u0131na sayg\u0131 g\u00f6stermek,<\/li>\n<li>Bas\u0131n organlar\u0131, yanl\u0131\u015f yay\u0131nlardan kaynaklanan cevap ve tekzip hakk\u0131na sayg\u0131 duymak.<\/li>\n<\/ul>\n","protected":false},"excerpt":{"rendered":"<p>Esasen bas\u0131n \u00f6zg\u00fcrl\u00fc\u011f\u00fcne ba\u011fl\u0131 olarak bizim hukukumuzda bas\u0131n kurulu\u015flar\u0131n\u0131n ve bas\u0131n mensuplar\u0131n\u0131n uymak zorunda olduklar\u0131 belirli bir \u201cilkeler metni\u201d bulunmamaktad\u0131r. Do\u011fal olarak bas\u0131n kurulu\u015flar\u0131 ve bas\u0131n mensuplar\u0131 a\u00e7\u0131s\u0131ndan genel hukuk kurallar\u0131n\u0131n \u00f6tesinde hukuken ba\u011flay\u0131c\u0131 nitelikte herhangi bir ilke veya kural bulunmamaktad\u0131r. Bu nedenle bas\u0131n mensuplar\u0131 \u00e7al\u0131\u015fmalar\u0131nda hukukun genel kurallar\u0131na uymakla y\u00fck\u00fcml\u00fcd\u00fcr. Ancak \u00fclkemizde faaliyet g\u00f6steren &hellip;<\/p>\n","protected":false},"author":1,"featured_media":0,"parent":0,"menu_order":0,"comment_status":"closed","ping_status":"closed","template":"","meta":{"footnotes":""},"class_list":["post-28437","page","type-page","status-publish","has-post-thumbnail","hentry"],"amp_enabled":true,"_links":{"self":[{"href":"https:\/\/adanaseshaber.com.tr\/index.php?rest_route=\/wp\/v2\/pages\/28437","targetHints":{"allow":["GET"]}}],"collection":[{"href":"https:\/\/adanaseshaber.com.tr\/index.php?rest_route=\/wp\/v2\/pages"}],"about":[{"href":"https:\/\/adanaseshaber.com.tr\/index.php?rest_route=\/wp\/v2\/types\/page"}],"author":[{"embeddable":true,"href":"https:\/\/adanaseshaber.com.tr\/index.php?rest_route=\/wp\/v2\/users\/1"}],"replies":[{"embeddable":true,"href":"https:\/\/adanaseshaber.com.tr\/index.php?rest_route=%2Fwp%2Fv2%2Fcomments&post=28437"}],"version-history":[{"count":1,"href":"https:\/\/adanaseshaber.com.tr\/index.php?rest_route=\/wp\/v2\/pages\/28437\/revisions"}],"predecessor-version":[{"id":28439,"href":"https:\/\/adanaseshaber.com.tr\/index.php?rest_route=\/wp\/v2\/pages\/28437\/revisions\/28439"}],"wp:attachment":[{"href":"https:\/\/adanaseshaber.com.tr\/index.php?rest_route=%2Fwp%2Fv2%2Fmedia&parent=28437"}],"curies":[{"name":"wp","href":"https:\/\/api.w.org\/{rel}","templated":true}]}}