{"id":28440,"date":"2022-07-23T13:38:28","date_gmt":"2022-07-23T10:38:28","guid":{"rendered":"https:\/\/www.adanaseshaber.com\/?page_id=28440"},"modified":"2022-07-23T13:38:41","modified_gmt":"2022-07-23T10:38:41","slug":"kullanim-sartlari","status":"publish","type":"page","link":"https:\/\/adanaseshaber.com.tr\/?page_id=28440","title":{"rendered":"Kullan\u0131m \u015eartlar\u0131"},"content":{"rendered":"<p>Adana Ses Haber kullan\u0131c\u0131lar\u0131n\u0131n yazd\u0131klar\u0131 yorumlar ve di\u011fer ileti\u015fim etkinliklerinde uymas\u0131 gereken kurallar a\u015fa\u011f\u0131daki gibidir:<\/p>\n<ul>\n<li>Kullan\u0131c\u0131lar\u0131n birbirlerine kar\u015f\u0131 sayg\u0131l\u0131 olmas\u0131 zorunludur.<\/li>\n<li>\u00dcyelerin birbirlerine yapt\u0131\u011f\u0131 \u0131rk\u00e7\u0131, cinsiyet\u00e7i, homofobik ve k\u00fcf\u00fcrl\u00fc yorumlara m\u00fcsamaha g\u00f6sterilmeyecektir. B\u00f6yle durumda yorumlara m\u00fcdahale edilecektir.<\/li>\n<li>Kullan\u0131c\u0131lar taraf\u0131ndan gelen, insanlar\u0131n dini inanc\u0131na, \u0131rk\u0131na, etnik k\u00f6kenine, ya\u015f\u0131na, sosyal durumuna, siyasi g\u00f6r\u00fc\u015f\u00fcne, cinsel y\u00f6nelimine, fiziksel durumuna g\u00f6re ki\u015filere veya belirli gruplara kar\u015f\u0131 nefrete te\u015fvik edici, \u015fiddet i\u00e7eren, provokatif, a\u015fa\u011f\u0131lay\u0131c\u0131 i\u00e7erik ve yorumlar\u0131 yay\u0131nlamama hakk\u0131n\u0131 Adana Ses Haber sakl\u0131 tutmaktad\u0131r.<\/li>\n<li>\u00dcyelik S\u00f6zle\u015fmesini ihlal ederek di\u011fer kullan\u0131c\u0131lar\u0131n ki\u015fisel bilgilerini if\u015fa eden, bu bilgileri kendi \u00e7\u0131karlar\u0131 i\u00e7in kullanan; tehdit, taciz gibi unsurlar\u0131 kullanarak, rahats\u0131z edici bir bi\u00e7imde di\u011fer kullan\u0131c\u0131lar\u0131 s\u00fcrekli takip eden ve insanlar\u0131 \u015fiddete y\u00f6nlendirmek ad\u0131na ba\u015fkalar\u0131n\u0131 k\u0131\u015fk\u0131rtan davran\u0131\u015flarda bulunan kullan\u0131c\u0131lar\u0131n hesaplar\u0131 kapat\u0131lacakt\u0131r.<\/li>\n<li>Birey, kurum, k\u00fclt\u00fcr veya toplumlar\u0131 k\u00fc\u00e7\u00fck d\u00fc\u015f\u00fcr\u00fcc\u00fc, k\u00fcf\u00fcr, a\u015fa\u011f\u0131lama veya argo ifadelere izin verilmemektedir. Bu t\u00fcr yorumlar\u0131n silinmesi, gerekli ki\u015filere uyar\u0131 g\u00f6nderilmesi ve\/veya \u00fcyeliklerinin silinmesi hakk\u0131n\u0131 Adana Ses Haber sakl\u0131 tutmaktad\u0131r.<\/li>\n<li>Daha sa\u011fl\u0131kl\u0131 bir tart\u0131\u015fma ortam\u0131n\u0131n olmas\u0131 i\u00e7in yap\u0131lan yorumlarda \u00fcyelerin, di\u011fer kullan\u0131c\u0131lar\u0131n inan\u00e7lar\u0131na ve g\u00f6r\u00fc\u015flerine sayg\u0131 g\u00f6stermeleri zorunludur.<\/li>\n<li>Yorumlarda b\u00fcy\u00fck harf kullan\u0131lmamal\u0131d\u0131r.<\/li>\n<li>Site i\u00e7erisindeki yorumlar T\u00fcrk\u00e7e olmal\u0131d\u0131r.<\/li>\n<li>Yap\u0131lan yorumlarda m\u00fcmk\u00fcn oldu\u011fu kadar yaz\u0131m ve imla bilgisine \u00f6nem verilmelidir. Bu nedenle anla\u015f\u0131lmayan yorumlarda, d\u00fczeltme ve silme hakk\u0131n\u0131 <strong>Adana Ses Haber<\/strong> sakl\u0131 tutmaktad\u0131r.<\/li>\n<li>Herhangi bir ticari ama\u00e7 ya da telif hakk\u0131 i\u00e7eren yorumlara izin verilmeyecektir.<\/li>\n<li>\u0130nsanlar\u0131 k\u0131\u015fk\u0131rtan, sald\u0131rgan bir kullan\u0131c\u0131 ad\u0131 se\u00e7ilemez.<\/li>\n<li>\u0130\u00e7eri\u011fin konusunda sapmayarak yap\u0131lan yorumlar olas\u0131 tart\u0131\u015fmalar\u0131n engellenmesine yard\u0131mc\u0131 olacakt\u0131r. Aksi takdirde yorumlar\u0131n\u0131z\u0131 <strong>Adana Ses Haber<\/strong> takdirine ba\u011fl\u0131 olarak silinebilir.<\/li>\n<li>\u00dcyelerin kendi g\u00fcvenlikleri a\u00e7\u0131s\u0131ndan ki\u015fisel ve \u00f6zel bilgilerini payla\u015fmamas\u0131 gerekmektedir.<\/li>\n<li><strong>Adana Ses Haber<\/strong> \u00e7al\u0131\u015fanlar\u0131na, hakaret ve k\u00fcf\u00fcr i\u00e7eren \u00f6zel mesaj atan kullan\u0131c\u0131lar\u0131n hesaplar\u0131n\u0131 silme hakk\u0131n\u0131 Adana Ses Haber sakl\u0131 tutmaktad\u0131r.<\/li>\n<li>Spam mesajlar g\u00f6ndermek yasakt\u0131r. Ayn\u0131 ve benzer mesajlar birden fazla kere g\u00f6nderildi\u011finde de m\u00fcdahale edilecektir.<\/li>\n<li>Yarg\u0131 mercilerine sayg\u0131s\u0131zl\u0131k\u00a0i\u00e7eren veya i\u00e7erme ihtimali olan yorumlara m\u00fcsamaha g\u00f6sterilmez. Y\u00fcr\u00fcmekte olan veya ileride ba\u015flayacak olan yarg\u0131lama s\u00fcrecini etkileyecek her \u015fey bu kapsamdad\u0131r.<\/li>\n<\/ul>\n","protected":false},"excerpt":{"rendered":"<p>Adana Ses Haber kullan\u0131c\u0131lar\u0131n\u0131n yazd\u0131klar\u0131 yorumlar ve di\u011fer ileti\u015fim etkinliklerinde uymas\u0131 gereken kurallar a\u015fa\u011f\u0131daki gibidir: Kullan\u0131c\u0131lar\u0131n birbirlerine kar\u015f\u0131 sayg\u0131l\u0131 olmas\u0131 zorunludur. \u00dcyelerin birbirlerine yapt\u0131\u011f\u0131 \u0131rk\u00e7\u0131, cinsiyet\u00e7i, homofobik ve k\u00fcf\u00fcrl\u00fc yorumlara m\u00fcsamaha g\u00f6sterilmeyecektir. B\u00f6yle durumda yorumlara m\u00fcdahale edilecektir. Kullan\u0131c\u0131lar taraf\u0131ndan gelen, insanlar\u0131n dini inanc\u0131na, \u0131rk\u0131na, etnik k\u00f6kenine, ya\u015f\u0131na, sosyal durumuna, siyasi g\u00f6r\u00fc\u015f\u00fcne, cinsel y\u00f6nelimine, fiziksel durumuna &hellip;<\/p>\n","protected":false},"author":1,"featured_media":0,"parent":0,"menu_order":0,"comment_status":"closed","ping_status":"closed","template":"","meta":{"footnotes":""},"class_list":["post-28440","page","type-page","status-publish","has-post-thumbnail","hentry"],"amp_enabled":true,"_links":{"self":[{"href":"https:\/\/adanaseshaber.com.tr\/index.php?rest_route=\/wp\/v2\/pages\/28440","targetHints":{"allow":["GET"]}}],"collection":[{"href":"https:\/\/adanaseshaber.com.tr\/index.php?rest_route=\/wp\/v2\/pages"}],"about":[{"href":"https:\/\/adanaseshaber.com.tr\/index.php?rest_route=\/wp\/v2\/types\/page"}],"author":[{"embeddable":true,"href":"https:\/\/adanaseshaber.com.tr\/index.php?rest_route=\/wp\/v2\/users\/1"}],"replies":[{"embeddable":true,"href":"https:\/\/adanaseshaber.com.tr\/index.php?rest_route=%2Fwp%2Fv2%2Fcomments&post=28440"}],"version-history":[{"count":2,"href":"https:\/\/adanaseshaber.com.tr\/index.php?rest_route=\/wp\/v2\/pages\/28440\/revisions"}],"predecessor-version":[{"id":28442,"href":"https:\/\/adanaseshaber.com.tr\/index.php?rest_route=\/wp\/v2\/pages\/28440\/revisions\/28442"}],"wp:attachment":[{"href":"https:\/\/adanaseshaber.com.tr\/index.php?rest_route=%2Fwp%2Fv2%2Fmedia&parent=28440"}],"curies":[{"name":"wp","href":"https:\/\/api.w.org\/{rel}","templated":true}]}}